{"id":2229,"date":"2025-07-28T19:40:56","date_gmt":"2025-07-28T17:40:56","guid":{"rendered":"https:\/\/dariaradlowska.pl\/?post_type=product&#038;p=2229"},"modified":"2025-07-28T19:44:17","modified_gmt":"2025-07-28T17:44:17","slug":"rozwod-w-sadzie-sprawdz-pytania-z-sali-rozpraw-i-przygotuj-sie-na-wlasna-sprawe","status":"publish","type":"product","link":"https:\/\/dariaradlowska.pl\/?product=rozwod-w-sadzie-sprawdz-pytania-z-sali-rozpraw-i-przygotuj-sie-na-wlasna-sprawe","title":{"rendered":"Rozw\u00f3d w s\u0105dzie. Sprawd\u017a pytania z sali rozpraw i przygotuj si\u0119 na w\u0142asn\u0105 spraw\u0119."},"content":{"rendered":"<p>\ud83d\udcd8 E-book\u00a0<strong>\u201eRozw\u00f3d w s\u0105dzie. Sprawd\u017a pytania z sali rozpraw i przygotuj si\u0119 na w\u0142asn\u0105 spraw\u0119\u201d: <\/strong>\u00a0zawiera\u00a0<strong>181 autentycznych pyta\u0144<\/strong>, kt\u00f3re naprawd\u0119 pad\u0142y podczas spraw rozwodowych.<\/p>\n<p>\ud83d\udc69\u200d\u2696\ufe0f Jako adwokat i psycholog przez lata zbiera\u0142am te pytania z rozpraw: z protoko\u0142\u00f3w, nagra\u0144, notatek. Teraz przekazuj\u0119 Ci to, co wcze\u015bniej dostawali tylko moi klienci.<\/p>\n<p>W \u015brodku znajdziesz:<\/p>\n<p>\u2714\ufe0f przyk\u0142adowe odpowiedzi,<br \/>\n\u2714\ufe0f praktyczne podpowiedzi,<br \/>\n\u2714\ufe0f komentarze, kt\u00f3re pomagaj\u0105 zachowa\u0107 spok\u00f3j,<br \/>\n\u2714\ufe0f miejsce na Twoje przemy\u015blenia.<\/p>\n<p>\ud83d\udccc To jedyne takie narz\u0119dzie \u2013 dla tych, kt\u00f3rzy chc\u0105:<\/p>\n<p>\u2705 wiedzie\u0107, co ich czeka,<br \/>\n\u2705 zminimalizowa\u0107 stres,<br \/>\n\u2705 poczu\u0107 si\u0119 pewniej na sali rozpraw,<br \/>\n\u2705 przemy\u015ble\u0107 swoje odpowiedzi, zanim emocje wezm\u0105 g\u00f3r\u0119.<\/p>\n<p>\ud83d\udccd\u00a0<strong>Dla kogo produkt b\u0119dzie odpowiedni ?<\/strong><\/p>\n<p>\u2714\ufe0f Dla os\u00f3b przed rozwodem<br \/>\n\u2714\ufe0f Dla tych, kt\u00f3rzy chc\u0105 si\u0119 przygotowa\u0107<br \/>\n\u2714\ufe0f Dla bliskich, kt\u00f3rzy chc\u0105 zrozumie\u0107, przez co przechodzi kto\u015b im bliski<br \/>\n\u2714\ufe0f\u00a0<strong>Dla pe\u0142nomocnik\u00f3w<\/strong>, kt\u00f3rzy chc\u0105 mie\u0107 w r\u0119ku\u00a0<strong>gotowe narz\u0119dzie do pracy z klientem<\/strong>\u00a0\u2013 do przygotowania go do rozprawy, do wsp\u00f3lnych \u0107wicze\u0144 i do odpowiedzi na najcz\u0119\u015bciej zadawane pytanie:<br \/>\n<strong>\u201eO co b\u0119d\u0105 mnie pyta\u0107 na rozwodzie i jak to w og\u00f3le wygl\u0105da?\u201d<\/strong><\/p>\n<p>\ud83d\udca1 Ten e-book dzia\u0142a jak\u00a0<strong>pr\u00f3ba generalna przed wyst\u0119pem \u017cycia<\/strong>\u00a0\u2013 bez ocen, bez presji, z konkretem i spokojem.<\/p>\n<p>Nie id\u017a na rozpraw\u0119 w ciemno. Id\u017a z konkretnym planem dzia\u0142ania.<\/p>\n<p>Najni\u017csza cena w ci\u0105gu ostatnich 30 dni:<\/p>\n","protected":false},"excerpt":{"rendered":"<p>E-book\u00a0<strong>\u201eRozw\u00f3d w s\u0105dzie. Sprawd\u017a pytania z sali rozpraw i przygotuj si\u0119 na w\u0142asn\u0105 spraw\u0119\u201d: <\/strong>\u00a0zawiera\u00a0<strong>181 autentycznych pyta\u0144<\/strong>, kt\u00f3re naprawd\u0119 pad\u0142y podczas spraw rozwodowych.<\/p>\n","protected":false},"featured_media":2231,"template":"","meta":{"zakra_sidebar_layout":"customizer","zakra_remove_content_margin":false,"zakra_sidebar":"customizer","zakra_transparent_header":"customizer","zakra_logo":0,"zakra_main_header_style":"default","zakra_menu_item_color":"","zakra_menu_item_hover_color":"","zakra_menu_item_active_color":"","zakra_menu_active_style":"","zakra_page_header":true,"_eb_attr":"","inline_featured_image":false},"product_brand":[],"product_cat":[44],"product_tag":[],"class_list":{"0":"post-2229","1":"product","2":"type-product","3":"status-publish","4":"has-post-thumbnail","6":"product_cat-bez-kategorii","8":"first","9":"instock","10":"downloadable","11":"virtual","12":"taxable","13":"purchasable","14":"product-type-simple"},"jetpack_sharing_enabled":true,"_links":{"self":[{"href":"https:\/\/dariaradlowska.pl\/index.php?rest_route=\/wp\/v2\/product\/2229","targetHints":{"allow":["GET"]}}],"collection":[{"href":"https:\/\/dariaradlowska.pl\/index.php?rest_route=\/wp\/v2\/product"}],"about":[{"href":"https:\/\/dariaradlowska.pl\/index.php?rest_route=\/wp\/v2\/types\/product"}],"wp:featuredmedia":[{"embeddable":true,"href":"https:\/\/dariaradlowska.pl\/index.php?rest_route=\/wp\/v2\/media\/2231"}],"wp:attachment":[{"href":"https:\/\/dariaradlowska.pl\/index.php?rest_route=%2Fwp%2Fv2%2Fmedia&parent=2229"}],"wp:term":[{"taxonomy":"product_brand","embeddable":true,"href":"https:\/\/dariaradlowska.pl\/index.php?rest_route=%2Fwp%2Fv2%2Fproduct_brand&post=2229"},{"taxonomy":"product_cat","embeddable":true,"href":"https:\/\/dariaradlowska.pl\/index.php?rest_route=%2Fwp%2Fv2%2Fproduct_cat&post=2229"},{"taxonomy":"product_tag","embeddable":true,"href":"https:\/\/dariaradlowska.pl\/index.php?rest_route=%2Fwp%2Fv2%2Fproduct_tag&post=2229"}],"curies":[{"name":"wp","href":"https:\/\/api.w.org\/{rel}","templated":true}]}}