{"id":1784,"date":"2023-02-19T19:07:20","date_gmt":"2023-02-19T18:07:20","guid":{"rendered":"https:\/\/dariaradlowska.pl\/?post_type=product&#038;p=1784"},"modified":"2025-12-21T17:55:07","modified_gmt":"2025-12-21T16:55:07","slug":"asystent-prokuratora-praca-dla-kazdego-absolwenta","status":"publish","type":"product","link":"https:\/\/dariaradlowska.pl\/?product=asystent-prokuratora-praca-dla-kazdego-absolwenta","title":{"rendered":"Asystent prokuratora &#8211; praca dla ka\u017cdego absolwenta?"},"content":{"rendered":"<p>E-book autorstwa adw. Darii Rad\u0142owskiej: <strong>&#8222;Asystent prokuratora &#8211; praca dla ka\u017cdego absolwenta?&#8221;<\/strong>.<\/p>\n<p><strong>Dzi\u0119ki tej publikacji dowiesz si\u0119 m.in.:<\/strong><\/p>\n<ul>\n<li>jakie uprawnienia i obowi\u0105zki maj\u0105 asystenci prokuratora,<\/li>\n<li>jak wygl\u0105da konkurs na asystenta prokuratora,<\/li>\n<li>jak si\u0119 do niego przygotowa\u0107,<\/li>\n<li>jakie mo\u017cliwo\u015bci rozwoju zawodowego ma asystent prokuratora?<\/li>\n<\/ul>\n<p><strong>UWAGA!<\/strong> W przypadku ch\u0119ci uzyskania faktury VAT, po zakupie prosimy o przekazanie takiej informacji na adres e-mail: adwokat@dariaradlowska.pl<\/p>\n<p><em>Po zakupie zostanie udost\u0119pniony link do pobrania produktu. Link dost\u0119pny b\u0119dzie przez 7 dni od dnia zakupu &#8211; liczba pobra\u0144 jest limitowana.<\/em><\/p>\n<p>&nbsp;<\/p>\n<p><strong><span style=\"color: green;\">W przypadku gdyby e-mail z linkiem do pobrania e-booka nie dochodzi\u0142, prosz\u0119 sprawdzi\u0107 folder SPAM.<\/span><\/strong><\/p>\n<p>&nbsp;<\/p>\n<p><em><strong>Ostatnia najni\u017csza cena w ci\u0105gu 30 dni to 35 z\u0142.<\/strong><\/em><\/p>\n<p>Stan prawny: maj 2023 r.<\/p>\n","protected":false},"excerpt":{"rendered":"<p>E-book autorstwa adw. Darii Rad\u0142owskiej: &#8222;Asystent prokuratora &#8211; praca dla ka\u017cdego absolwenta?&#8221;.<\/p>\n","protected":false},"featured_media":1805,"template":"","meta":{"zakra_sidebar_layout":"customizer","zakra_remove_content_margin":false,"zakra_sidebar":"customizer","zakra_transparent_header":"customizer","zakra_logo":0,"zakra_main_header_style":"default","zakra_menu_item_color":"","zakra_menu_item_hover_color":"","zakra_menu_item_active_color":"","zakra_menu_active_style":"","zakra_page_header":true,"_eb_attr":"","inline_featured_image":false},"product_brand":[],"product_cat":[44],"product_tag":[],"class_list":{"0":"post-1784","1":"product","2":"type-product","3":"status-publish","4":"has-post-thumbnail","6":"product_cat-bez-kategorii","8":"first","9":"instock","10":"sale","11":"downloadable","12":"taxable","13":"shipping-taxable","14":"purchasable","15":"product-type-simple"},"jetpack_sharing_enabled":true,"_links":{"self":[{"href":"https:\/\/dariaradlowska.pl\/index.php?rest_route=\/wp\/v2\/product\/1784","targetHints":{"allow":["GET"]}}],"collection":[{"href":"https:\/\/dariaradlowska.pl\/index.php?rest_route=\/wp\/v2\/product"}],"about":[{"href":"https:\/\/dariaradlowska.pl\/index.php?rest_route=\/wp\/v2\/types\/product"}],"wp:featuredmedia":[{"embeddable":true,"href":"https:\/\/dariaradlowska.pl\/index.php?rest_route=\/wp\/v2\/media\/1805"}],"wp:attachment":[{"href":"https:\/\/dariaradlowska.pl\/index.php?rest_route=%2Fwp%2Fv2%2Fmedia&parent=1784"}],"wp:term":[{"taxonomy":"product_brand","embeddable":true,"href":"https:\/\/dariaradlowska.pl\/index.php?rest_route=%2Fwp%2Fv2%2Fproduct_brand&post=1784"},{"taxonomy":"product_cat","embeddable":true,"href":"https:\/\/dariaradlowska.pl\/index.php?rest_route=%2Fwp%2Fv2%2Fproduct_cat&post=1784"},{"taxonomy":"product_tag","embeddable":true,"href":"https:\/\/dariaradlowska.pl\/index.php?rest_route=%2Fwp%2Fv2%2Fproduct_tag&post=1784"}],"curies":[{"name":"wp","href":"https:\/\/api.w.org\/{rel}","templated":true}]}}